{"id":8,"date":"2015-07-30T13:30:47","date_gmt":"2015-07-30T13:30:47","guid":{"rendered":"http:\/\/helpet.dev\/?page_id=8"},"modified":"2025-10-06T20:24:13","modified_gmt":"2025-10-06T20:24:13","slug":"inicio","status":"publish","type":"page","link":"https:\/\/helpet.us\/es\/","title":{"rendered":"Inicio"},"content":{"rendered":"<p class=\"p1\" style=\"text-align: left;\"><span class=\"s1\">Somos una cl\u00ednica veterinaria para perros y gatos en Midtown\/Wynwood Miami, Florida. Aqu\u00ed encontrar\u00e1s profesionales preparados y con gran amor por los animales, velando por la salud y el bienestar de tu mascota. En Helpet podr\u00e1s acceder a ex\u00e1menes de rutina, y ex\u00e1menes especializados, incluyendo servicios como urgencias, odontolog\u00eda, cirug\u00eda, certificados de salud para viajes, y opci\u00f3n de acceso a especialistas en el \u00e1rea para casos m\u00e1s complicados. Nuestra misi\u00f3n es poder ayudar en la salud y el bienestar de tu mascota, fortaleciendo los lazos en la relaci\u00f3n de la mascota con su due\u00f1o.\u00a0<\/span><\/p>\n<p>&nbsp;<\/p>\n<p style=\"text-align: center;\"><strong>Horario de Atenci\u00f3n:<\/strong><\/p>\n<p style=\"text-align: center;\">Lunes a Viernes \u00a0&#8230; 9am &#8211; 6pm<\/p>\n<p>&nbsp;<\/p>\n<p style=\"text-align: center;\"><a href=\"https:\/\/account.greatpetcare.com\/?cvetId=C0048483&amp;destination=portal&amp;utm_medium=email&amp;utm_source=clientcomms&amp;utm_campaign=ClientComms-email\">Agenda tu cita Online<\/a><\/p>\n","protected":false},"excerpt":{"rendered":"<p>Somos una cl\u00ednica veterinaria para perros y gatos en Midtown\/Wynwood Miami, Florida. Aqu\u00ed encontrar\u00e1s profesionales preparados y con gran amor <b><a class=\"read-more\" href=\"https:\/\/helpet.us\/es\/\">Read More<\/a><\/b><\/p>\n","protected":false},"author":1,"featured_media":480,"parent":0,"menu_order":0,"comment_status":"closed","ping_status":"closed","template":"","meta":{"footnotes":""},"class_list":["post-8","page","type-page","status-publish","has-post-thumbnail","hentry"],"_links":{"self":[{"href":"https:\/\/helpet.us\/es\/wp-json\/wp\/v2\/pages\/8","targetHints":{"allow":["GET"]}}],"collection":[{"href":"https:\/\/helpet.us\/es\/wp-json\/wp\/v2\/pages"}],"about":[{"href":"https:\/\/helpet.us\/es\/wp-json\/wp\/v2\/types\/page"}],"author":[{"embeddable":true,"href":"https:\/\/helpet.us\/es\/wp-json\/wp\/v2\/users\/1"}],"replies":[{"embeddable":true,"href":"https:\/\/helpet.us\/es\/wp-json\/wp\/v2\/comments?post=8"}],"version-history":[{"count":21,"href":"https:\/\/helpet.us\/es\/wp-json\/wp\/v2\/pages\/8\/revisions"}],"predecessor-version":[{"id":610,"href":"https:\/\/helpet.us\/es\/wp-json\/wp\/v2\/pages\/8\/revisions\/610"}],"wp:featuredmedia":[{"embeddable":true,"href":"https:\/\/helpet.us\/es\/wp-json\/wp\/v2\/media\/480"}],"wp:attachment":[{"href":"https:\/\/helpet.us\/es\/wp-json\/wp\/v2\/media?parent=8"}],"curies":[{"name":"wp","href":"https:\/\/api.w.org\/{rel}","templated":true}]}}