{"id":103,"date":"2015-08-04T11:09:07","date_gmt":"2015-08-04T11:09:07","guid":{"rendered":"http:\/\/45.55.206.204\/?page_id=103"},"modified":"2025-09-09T15:36:46","modified_gmt":"2025-09-09T15:36:46","slug":"acerca-de-nosotros","status":"publish","type":"page","link":"https:\/\/helpet.us\/es\/acerca-de-nosotros\/","title":{"rendered":"Nosotros"},"content":{"rendered":"<p class=\"p1\"><strong><span class=\"s1\">DOCTORES<\/span><\/strong><\/p>\n<p class=\"p1\"><strong>Martin Rivas, DVM<\/strong> (Director M\u00e9dico)<\/p>\n<p class=\"p1\"><em><span class=\"s1\">Dr. Martin Rivas recibi\u00f3 sus t\u00edtulos universitarios en Ciencia Animal y un Doctorado en Medicina Veterinaria de la Universidad de Georgia en Estados Unidos. Realiz\u00f3 pr\u00e1cticas en cl\u00ednicas de Georgia, Florida, New York, Tennessee, y Texas. Una vez graduado, Dr. Rivas se estableci\u00f3 en Miami, Florida. Sus \u00e1reas de inter\u00e9s y en las cu\u00e1les ha invertido m\u00e1s tiempo y capacitaci\u00f3n son en emergencias, traumatolog\u00eda, cuidados intensivos, cirug\u00eda y odontolog\u00eda. Ha trabajado en reconocidas cl\u00ednicas de emergencia y de especialistas en el sur de la Florida. Dr. Rivas es miembro de la de la Asociaci\u00f3n Americana de Medicina Veterinaria (AVMA), la Sociedad de Emergencias y Cuidados Intensivos Veterinarios (VECCS), y miembro de la junta de la Asociaci\u00f3n de Medicina Veterinaria del Sur de la Florida (SFVMA). Adem\u00e1s, es veterinario acreditado por el USDA, lo cual dentro de sus responsabilidades de velar por la salud animal y la salud humana, le permite firmar certificados de salud para el transporte nacional e internacional de sus mascotas.\u00a0 Dr. Rivas disfruta de su tiempo libre con su esposa, hijo, familia, amigos, jugando f\u00fatbol, haciendo ejercicio, \u00f3 tomando una buena tasa de caf\u00e9 Colombiano.<\/span><\/em><\/p>\n<hr \/>\n<p class=\"p1\"><strong>Adrianna Disla, DVM<\/strong> (Medica Veterinaria)<\/p>\n<p data-start=\"0\" data-end=\"434\">Dra. Disla es una veterinaria dedicada y compasiva, originaria de Puerto Rico. Obtuvo su licenciatura en Biolog\u00eda con un enfoque en Pre-Veterinaria antes de continuar sus estudios y obtener el t\u00edtulo de Doctora en Medicina Veterinaria (DVM) en St. Matthew\u2019s University. Complet\u00f3 su formaci\u00f3n cl\u00ednica en la Universidad Estatal de Luisiana, donde adquiri\u00f3 experiencia pr\u00e1ctica en una amplia gama de disciplinas m\u00e9dicas y quir\u00fargicas.<\/p>\n<p data-start=\"436\" data-end=\"779\">Despu\u00e9s de finalizar su educaci\u00f3n, Dra. Disla se traslad\u00f3 a Miami, Florida, donde continuar\u00e1 brindando atenci\u00f3n veterinaria de alta calidad a su comunidad. Tiene un fuerte inter\u00e9s profesional en cirug\u00eda y medicina de emergencia, y le apasiona mejorar los resultados de sus pacientes mediante una atenci\u00f3n oportuna, especializada y emp\u00e1tica.<\/p>\n<p data-start=\"781\" data-end=\"912\" data-is-last-node=\"\" data-is-only-node=\"\">Fuera de la cl\u00ednica, Dra. Disla disfruta pasar su tiempo libre en la playa, relajarse con sus perros y compartir con su familia.<\/p>\n<hr \/>\n<p>&nbsp;<\/p>\n<p class=\"p1\"><span class=\"s1\"><strong>NUESTRO EQUIPO<\/strong><\/span><\/p>\n<div><strong>Steffi V.<\/strong> (General Manager)<\/div>\n<div>Steffi ha albergado una profunda pasi\u00f3n por ayudar a los animales y darles voz desde la infancia. Con una carrera en el campo veterinario que comenz\u00f3 en 2008, se ha dedicado al bienestar de los animales. Su objetivo final es abrir un centro de rehabilitaci\u00f3n para animales, donde pueda proporcionar cuidado, acoger y ayudar a adoptar a aquellos que lo necesiten, especialmente provenientes de refugios de alto riesgo.<\/div>\n<div>\n<p>En casa, Steffi comparte su vida con cuatro perros adorados y un gato querido. En su tiempo libre, le encanta relajarse tomando largas y acogedoras siestas con sus compa\u00f1eros peludos, encontrando alegr\u00eda y consuelo en su compa\u00f1\u00eda.<\/p>\n<p>El compromiso de Steffi con el bienestar animal y su esp\u00edritu protector la convierten en una verdadera defensora de aquellos que no pueden hablar por s\u00ed mismos.<\/p>\n<\/div>\n<div>\n<hr \/>\n<\/div>\n<p><strong>Vanessa R.<\/strong> (Assistant Manager)<\/p>\n<p><span class=\"il\">Vanessa<\/span>\u00a0se uni\u00f3 a Helpet en 2022 como T\u00e9cnica Veterinaria. Debido a su dedicaci\u00f3n y desempe\u00f1o sobresaliente, ha sido promovida a Asistente de Gerente. Originaria de Colombia,\u00a0<span class=\"il\">Vanessa<\/span>\u00a0comenz\u00f3 sus estudios en Medicina Veterinaria y Qu\u00edmica Farmac\u00e9utica antes de mudarse a los Estados Unidos, y planea completar su educaci\u00f3n profesional en el futuro. Siempre entusiasta y feliz de brindar el mejor servicio para las mascotas, a\u00a0<span class=\"il\">Vanessa<\/span>\u00a0tambi\u00e9n le gusta correr, escuchar m\u00fasica y el aprendizaje continuo.<\/p>\n<p>Su compromiso con la excelencia y la educaci\u00f3n continua refleja su pasi\u00f3n por el cuidado de los animales y el desarrollo personal.<\/p>\n<hr \/>\n<p><strong>Samantha Z.<\/strong> (Recepcionista Veterinaria)<\/p>\n<p>Samantha empez\u00f3 a ser parte de nuestro equipo en 2024 para compartir su pasi\u00f3n y energ\u00eda con nuestros clientes. Ella tiene experiencia como recepcionista y enfermera veterinaria en emergencia y medicina general.<\/p>\n<hr \/>\n<p><strong>Jackselim R.<\/strong> (T\u00e9cnica Veterinaria)<\/p>\n<p>Jackselim, una apasionada asistente veterinaria con una s\u00f3lida formaci\u00f3n en medicina veterinaria. Originaria de Venezuela, Jackselim perfeccion\u00f3 sus habilidades como veterinaria en su pa\u00eds natal antes de llevar su experiencia a su rol actual. Ahora, est\u00e1 emocionada de continuar su camino de aprendizaje y crecimiento, con un agradecimiento especial al Dr. Rivas por su apoyo. \u00a1Jackselim est\u00e1 entusiasmada por aportar su entusiasmo y conocimiento para hacer una diferencia en la vida de los animales cada d\u00eda!<\/p>\n<hr \/>\n<div><\/div>\n<div><strong>Nicole D.<\/strong> (T\u00e9cnica Veterinaria)<\/div>\n<div><\/div>\n<div>Nicole es una dedicada enfermera veterinaria de Brasil con una profunda pasi\u00f3n por la medicina veterinaria. Actualmente trabaja en Helpet y sue\u00f1a con convertirse en veterinaria. Est\u00e1 agradecida por la orientaci\u00f3n y el apoyo del Dr. Rivas, quien ha sido fundamental en su trayectoria. Con un compromiso con el cuidado de los animales y el impulso para avanzar en su carrera, Nicole est\u00e1 emocionada por hacer un impacto positivo en el mundo veterinario.<\/div>\n<div><\/div>\n<div>\n<hr \/>\n<\/div>\n<p><strong>Roger C.<\/strong> (T\u00e9cnico Veterinario)<\/p>\n<p>Roger es originario de Miami. Ha estado en nuestro equipo durante dos a\u00f1os y est\u00e1 muy emocionado por su trayectoria en una pr\u00e1ctica de medicina de alta calidad. Est\u00e1 deseando ayudarte a ti y a tu mascota con todos los servicios. Est\u00e1 cursando un Certificado en Administraci\u00f3n de Redes y Software. En su tiempo libre, disfruta de la lectura, el longboarding, el billar y la colecci\u00f3n de zapatos. Est\u00e1 feliz de aportar toda su experiencia para ayudar al crecimiento de nuestra pr\u00e1ctica.<\/p>\n<div>\n<hr \/>\n<\/div>\n<p>(Asistente T\u00e9cnico)<\/p>\n<p>*Pendiente<\/p>\n<div>\n<hr \/>\n<\/div>\n<div><\/div>\n","protected":false},"excerpt":{"rendered":"<p>DOCTORES Martin Rivas, DVM (Director M\u00e9dico) Dr. Martin Rivas recibi\u00f3 sus t\u00edtulos universitarios en Ciencia Animal y un Doctorado en <b><a class=\"read-more\" href=\"https:\/\/helpet.us\/es\/acerca-de-nosotros\/\">Read More<\/a><\/b><\/p>\n","protected":false},"author":2,"featured_media":478,"parent":0,"menu_order":0,"comment_status":"closed","ping_status":"closed","template":"","meta":{"footnotes":""},"class_list":["post-103","page","type-page","status-publish","has-post-thumbnail","hentry"],"_links":{"self":[{"href":"https:\/\/helpet.us\/es\/wp-json\/wp\/v2\/pages\/103","targetHints":{"allow":["GET"]}}],"collection":[{"href":"https:\/\/helpet.us\/es\/wp-json\/wp\/v2\/pages"}],"about":[{"href":"https:\/\/helpet.us\/es\/wp-json\/wp\/v2\/types\/page"}],"author":[{"embeddable":true,"href":"https:\/\/helpet.us\/es\/wp-json\/wp\/v2\/users\/2"}],"replies":[{"embeddable":true,"href":"https:\/\/helpet.us\/es\/wp-json\/wp\/v2\/comments?post=103"}],"version-history":[{"count":30,"href":"https:\/\/helpet.us\/es\/wp-json\/wp\/v2\/pages\/103\/revisions"}],"predecessor-version":[{"id":592,"href":"https:\/\/helpet.us\/es\/wp-json\/wp\/v2\/pages\/103\/revisions\/592"}],"wp:featuredmedia":[{"embeddable":true,"href":"https:\/\/helpet.us\/es\/wp-json\/wp\/v2\/media\/478"}],"wp:attachment":[{"href":"https:\/\/helpet.us\/es\/wp-json\/wp\/v2\/media?parent=103"}],"curies":[{"name":"wp","href":"https:\/\/api.w.org\/{rel}","templated":true}]}}